{"id":1367,"date":"2008-12-31T09:12:01","date_gmt":"2008-12-31T07:12:01","guid":{"rendered":"http:\/\/kehila-olomouc.cz\/rs\/?page_id=1367"},"modified":"2026-02-10T11:20:28","modified_gmt":"2026-02-10T09:20:28","slug":"chajejnu-%d7%97%d7%99%d7%99%d7%a0%d7%95-nas-zivot-list-zidovske-obce-olomouc","status":"publish","type":"page","link":"https:\/\/kehila-olomouc.cz\/rs\/soucastnost\/chajejnu-%d7%97%d7%99%d7%99%d7%a0%d7%95-nas-zivot-list-zidovske-obce-olomouc\/","title":{"rendered":"Chajejnu \u05d7\u05d9\u05d9\u05e0\u05d5 &#8211; N\u00e1\u0161 \u017eivot (\u010dasopis \u017dO Olomouc)"},"content":{"rendered":"","protected":true},"excerpt":{"rendered":"","protected":true},"author":3,"featured_media":0,"parent":48,"menu_order":7,"comment_status":"open","ping_status":"open","template":"","meta":{"ngg_post_thumbnail":0,"footnotes":""},"class_list":["post-1367","page","type-page","status-publish","post-password-required","hentry"],"_links":{"self":[{"href":"https:\/\/kehila-olomouc.cz\/rs\/wp-json\/wp\/v2\/pages\/1367"}],"collection":[{"href":"https:\/\/kehila-olomouc.cz\/rs\/wp-json\/wp\/v2\/pages"}],"about":[{"href":"https:\/\/kehila-olomouc.cz\/rs\/wp-json\/wp\/v2\/types\/page"}],"author":[{"embeddable":true,"href":"https:\/\/kehila-olomouc.cz\/rs\/wp-json\/wp\/v2\/users\/3"}],"replies":[{"embeddable":true,"href":"https:\/\/kehila-olomouc.cz\/rs\/wp-json\/wp\/v2\/comments?post=1367"}],"version-history":[{"count":173,"href":"https:\/\/kehila-olomouc.cz\/rs\/wp-json\/wp\/v2\/pages\/1367\/revisions"}],"predecessor-version":[{"id":9987,"href":"https:\/\/kehila-olomouc.cz\/rs\/wp-json\/wp\/v2\/pages\/1367\/revisions\/9987"}],"up":[{"embeddable":true,"href":"https:\/\/kehila-olomouc.cz\/rs\/wp-json\/wp\/v2\/pages\/48"}],"wp:attachment":[{"href":"https:\/\/kehila-olomouc.cz\/rs\/wp-json\/wp\/v2\/media?parent=1367"}],"curies":[{"name":"wp","href":"https:\/\/api.w.org\/{rel}","templated":true}]}}