{"id":129,"date":"2008-10-16T13:25:21","date_gmt":"2008-10-16T11:25:21","guid":{"rendered":"http:\/\/kehila-olomouc.cz\/rs\/?page_id=129"},"modified":"2013-07-31T11:32:36","modified_gmt":"2013-07-31T09:32:36","slug":"kontaktni-udaje-a-uredni-hodiny","status":"publish","type":"page","link":"https:\/\/kehila-olomouc.cz\/rs\/kontakt\/kontaktni-udaje-a-uredni-hodiny\/","title":{"rendered":"Kontaktn\u00ed \u00fadaje a \u00fa\u0159edn\u00ed hodiny"},"content":{"rendered":"<p><strong>\u017didovsk\u00e1 obec Olomouc<\/strong><br \/>\n<strong> Komensk\u00e9ho 7<\/strong><br \/>\n<strong> 779 00\u00a0 Olomouc<\/strong><\/p>\n<p><strong>\u00da\u0159edn\u00ed hodiny: <\/strong><\/p>\n<p style=\"margin: 0cm 0cm 0pt; text-align: justify;\">Pond\u011bl\u00ed: 09.00 &#8211; 11.00<\/p>\n<p style=\"margin: 0cm 0cm 0pt; text-align: justify;\">\u010ctvrtek:\u00a0 14.00 &#8211; 16.00<\/p>\n<p style=\"margin: 0cm 0cm 0pt; text-align: justify;\">E-mail: <a href=\"mailto:kehila@kehila-olomouc.cz\">kehila@kehila-olomouc.cz<\/a>;<\/p>\n<p style=\"margin: 0cm 0cm 0pt; text-align: justify;\">Tel.\/Fax: +420 &#8211; 585 223 119<\/p>\n<p style=\"margin: 0cm 0cm 0pt; text-align: justify;\">Webov\u00e9 str\u00e1nky: <a href=\"http:\/\/kehila-olomouc.cz\">http:\/\/kehila-olomouc.cz<\/a><\/p>\n<p style=\"margin: 0cm 0cm 0pt; text-align: justify;\">Webov\u00e9 str\u00e1nky star\u00e9: <a href=\"http:\/\/kehila-olomouc.cz\/indexcz.htm\">http:\/\/kehila-olomouc.cz\/indexcz.htm<\/a><\/p>\n<p style=\"margin: 0cm 0cm 0pt; text-align: justify;\">E-mail redakce Chajejnu: <a href=\"mailto:chajejnu@kehila-olomouc.cz\">chajejnu@kehila-olomouc.cz<\/a><\/p>\n","protected":false},"excerpt":{"rendered":"<p>\u017didovsk\u00e1 obec Olomouc<br \/>\n Komensk\u00e9ho 7<br \/>\n 779 00\u00a0 Olomouc<br \/>\n\u00da\u0159edn\u00ed hodiny:<br \/>\nPond\u011bl\u00ed: 09.00 &#8211; 11.00<br \/>\n\u010ctvrtek:\u00a0 14.00 &#8211; 16.00<br \/>\nE-mail: kehila@kehila-olomouc.cz;<br \/>\nTel.\/Fax: +420 &#8211; 585 223 119<br \/>\nWebov\u00e9 str\u00e1nky: http:\/\/kehila-olomouc.cz<br \/>\nWebov\u00e9 str\u00e1nky star\u00e9: http:\/\/kehila-olomouc.cz\/indexcz.htm<br \/>\nE-mail redakce Chajejnu: chajejnu@kehila-olomouc.cz<\/p>\n","protected":false},"author":3,"featured_media":0,"parent":78,"menu_order":1,"comment_status":"open","ping_status":"open","template":"","meta":{"ngg_post_thumbnail":0,"footnotes":""},"class_list":["post-129","page","type-page","status-publish","hentry"],"_links":{"self":[{"href":"https:\/\/kehila-olomouc.cz\/rs\/wp-json\/wp\/v2\/pages\/129"}],"collection":[{"href":"https:\/\/kehila-olomouc.cz\/rs\/wp-json\/wp\/v2\/pages"}],"about":[{"href":"https:\/\/kehila-olomouc.cz\/rs\/wp-json\/wp\/v2\/types\/page"}],"author":[{"embeddable":true,"href":"https:\/\/kehila-olomouc.cz\/rs\/wp-json\/wp\/v2\/users\/3"}],"replies":[{"embeddable":true,"href":"https:\/\/kehila-olomouc.cz\/rs\/wp-json\/wp\/v2\/comments?post=129"}],"version-history":[{"count":21,"href":"https:\/\/kehila-olomouc.cz\/rs\/wp-json\/wp\/v2\/pages\/129\/revisions"}],"predecessor-version":[{"id":438,"href":"https:\/\/kehila-olomouc.cz\/rs\/wp-json\/wp\/v2\/pages\/129\/revisions\/438"}],"up":[{"embeddable":true,"href":"https:\/\/kehila-olomouc.cz\/rs\/wp-json\/wp\/v2\/pages\/78"}],"wp:attachment":[{"href":"https:\/\/kehila-olomouc.cz\/rs\/wp-json\/wp\/v2\/media?parent=129"}],"curies":[{"name":"wp","href":"https:\/\/api.w.org\/{rel}","templated":true}]}}