{"id":122,"date":"2008-10-16T13:23:06","date_gmt":"2008-10-16T11:23:06","guid":{"rendered":"http:\/\/kehila-olomouc.cz\/rs\/?page_id=122"},"modified":"2010-09-09T09:04:22","modified_gmt":"2010-09-09T07:04:22","slug":"svatky-2","status":"publish","type":"page","link":"https:\/\/kehila-olomouc.cz\/rs\/svatky-2\/","title":{"rendered":"Kalend\u00e1\u0159"},"content":{"rendered":"<p><span style=\"font-size: medium;\">Zde najdete z\u00e1kladn\u00ed pou\u010den\u00ed o \u017eidovsk\u00e9m kalend\u00e1\u0159i a rozpis sv\u00e1tk\u016f a spole\u010densk\u00fdch setk\u00e1n\u00ed v prostor\u00e1ch obce. <\/span><\/p>\n<p><span style=\"font-size: medium;\"><a href=\"http:\/\/kehila-olomouc.cz\/rs\/svatky-2\/kalendar\/\"><\/a><\/span><\/p>\n<p><a href=\"http:\/\/kehila-olomouc.cz\/rs\/svatky-2\/zidovsky-kalendar-a-jeho-svatky\/\" target=\"_self\"><span style=\"font-size: medium;\">\u017didovsk\u00fd kalend\u00e1\u0159<br class=\"spacer_\" \/><\/span><\/a><\/p>\n<p><span style=\"font-size: medium;\"><a href=\"http:\/\/kehila-olomouc.cz\/rs\/svatky-2\/svatky-na-zoo\/\" target=\"_self\">P\u0159ehled akc\u00ed do dubna 2011<\/a><\/span><\/p>\n","protected":false},"excerpt":{"rendered":"<p>Zde najdete z\u00e1kladn\u00ed pou\u010den\u00ed o \u017eidovsk\u00e9m kalend\u00e1\u0159i a rozpis sv\u00e1tk\u016f a spole\u010densk\u00fdch setk\u00e1n\u00ed v prostor\u00e1ch obce. <\/p>\n<p>\u017didovsk\u00fd kalend\u00e1\u0159<br \/>\nP\u0159ehled akc\u00ed do dubna 2011<\/p>\n","protected":false},"author":3,"featured_media":0,"parent":0,"menu_order":5,"comment_status":"open","ping_status":"open","template":"","meta":{"ngg_post_thumbnail":0,"footnotes":""},"class_list":["post-122","page","type-page","status-publish","hentry"],"_links":{"self":[{"href":"https:\/\/kehila-olomouc.cz\/rs\/wp-json\/wp\/v2\/pages\/122"}],"collection":[{"href":"https:\/\/kehila-olomouc.cz\/rs\/wp-json\/wp\/v2\/pages"}],"about":[{"href":"https:\/\/kehila-olomouc.cz\/rs\/wp-json\/wp\/v2\/types\/page"}],"author":[{"embeddable":true,"href":"https:\/\/kehila-olomouc.cz\/rs\/wp-json\/wp\/v2\/users\/3"}],"replies":[{"embeddable":true,"href":"https:\/\/kehila-olomouc.cz\/rs\/wp-json\/wp\/v2\/comments?post=122"}],"version-history":[{"count":11,"href":"https:\/\/kehila-olomouc.cz\/rs\/wp-json\/wp\/v2\/pages\/122\/revisions"}],"predecessor-version":[{"id":3862,"href":"https:\/\/kehila-olomouc.cz\/rs\/wp-json\/wp\/v2\/pages\/122\/revisions\/3862"}],"wp:attachment":[{"href":"https:\/\/kehila-olomouc.cz\/rs\/wp-json\/wp\/v2\/media?parent=122"}],"curies":[{"name":"wp","href":"https:\/\/api.w.org\/{rel}","templated":true}]}}