{"id":109,"date":"2008-10-16T13:19:20","date_gmt":"2008-10-16T11:19:20","guid":{"rendered":"http:\/\/kehila-olomouc.cz\/rs\/?page_id=109"},"modified":"2017-05-22T09:50:00","modified_gmt":"2017-05-22T07:50:00","slug":"statut-nadace-otty-a-emy-sieglovych","status":"publish","type":"page","link":"https:\/\/kehila-olomouc.cz\/rs\/dokumenty-2\/statut-nadace-otty-a-emy-sieglovych\/","title":{"rendered":"Statut Nadace Otto a Emmy Roger-Sieglov\u00fdch"},"content":{"rendered":"<ul class=\"seznam-pdf\">\n<li><a href=\"http:\/\/kehila-olomouc.cz\/rs\/wp-content\/uploads\/Statut-Nadace-Otto-a-Emmy-Siegov\u00fdch-1.pdf\" target=\"_blank\">Statut Nadace Otto a Emmy Roger-Siegov\u00fdch<\/a><\/li>\n<\/ul>\n<p><a href=\"http:\/\/get.adobe.com\/reader\/\"><img decoding=\"async\" src=\"http:\/\/www.fzo.cz\/wp-content\/themes\/fzo\/images\/get_adobe_reader_160x41.gif\" alt=\"St\u00e1hnout program pro \u010dten\u00ed soubor\u016f PDF\"><\/a><\/p>\n<h3 style=\"text-align: left;\">&nbsp;<\/h3>\n<h3 style=\"text-align: center;\">&nbsp;<\/h3>\n<h3 style=\"text-align: center;\">&nbsp;<\/h3>\n","protected":false},"excerpt":{"rendered":"<p>Statut Nadace Otto a Emmy Roger-Siegov\u00fdch<\/p>\n<p>&nbsp;<br \/>\n&nbsp;<br \/>\n&nbsp;<\/p>\n","protected":false},"author":3,"featured_media":0,"parent":102,"menu_order":3,"comment_status":"open","ping_status":"open","template":"","meta":{"ngg_post_thumbnail":0,"footnotes":""},"class_list":["post-109","page","type-page","status-publish","hentry"],"_links":{"self":[{"href":"https:\/\/kehila-olomouc.cz\/rs\/wp-json\/wp\/v2\/pages\/109"}],"collection":[{"href":"https:\/\/kehila-olomouc.cz\/rs\/wp-json\/wp\/v2\/pages"}],"about":[{"href":"https:\/\/kehila-olomouc.cz\/rs\/wp-json\/wp\/v2\/types\/page"}],"author":[{"embeddable":true,"href":"https:\/\/kehila-olomouc.cz\/rs\/wp-json\/wp\/v2\/users\/3"}],"replies":[{"embeddable":true,"href":"https:\/\/kehila-olomouc.cz\/rs\/wp-json\/wp\/v2\/comments?post=109"}],"version-history":[{"count":18,"href":"https:\/\/kehila-olomouc.cz\/rs\/wp-json\/wp\/v2\/pages\/109\/revisions"}],"predecessor-version":[{"id":8744,"href":"https:\/\/kehila-olomouc.cz\/rs\/wp-json\/wp\/v2\/pages\/109\/revisions\/8744"}],"up":[{"embeddable":true,"href":"https:\/\/kehila-olomouc.cz\/rs\/wp-json\/wp\/v2\/pages\/102"}],"wp:attachment":[{"href":"https:\/\/kehila-olomouc.cz\/rs\/wp-json\/wp\/v2\/media?parent=109"}],"curies":[{"name":"wp","href":"https:\/\/api.w.org\/{rel}","templated":true}]}}