{"id":102,"date":"2008-10-16T13:16:10","date_gmt":"2008-10-16T11:16:10","guid":{"rendered":"http:\/\/kehila-olomouc.cz\/rs\/?page_id=102"},"modified":"2012-12-11T15:34:56","modified_gmt":"2012-12-11T13:34:56","slug":"dokumenty-2","status":"publish","type":"page","link":"https:\/\/kehila-olomouc.cz\/rs\/dokumenty-2\/","title":{"rendered":"Dokumenty"},"content":{"rendered":"<p><span style=\"font-size: medium;\">Str\u00e1nky pod t\u00edmto n\u00e1zvem skr\u00fdvaj\u00ed z\u00e1kladn\u00ed dokumenty obce. Jsou to\u00a0Stanovy \u017didovsk\u00e9 obce Olomouc p\u0159ijat\u00e9 Shrom\u00e1\u017ed\u011bn\u00edm \u010dlen\u016f \u017didovsk\u00e9 obce Olomouc v roce 2008, \u00a0Volebn\u00ed \u0159\u00e1d, Statut Nadace Otty a Emy Sieglov\u00fdch. Slou\u017e\u00ed k rychl\u00e9 orientaci v pr\u00e1vech a povinnostech \u010dlen\u016f obce.<\/span><\/p>\n<p><span style=\"font-size: medium;\"><a href=\"http:\/\/kehila-olomouc.cz\/rs\/?page_id=106\" target=\"_self\">Stanovy \u017didovsk\u00e9 obce Olomouc<\/a><\/span><\/p>\n<p><span style=\"font-size: medium;\"><a href=\"http:\/\/kehila-olomouc.cz\/rs\/?page_id=106\" target=\"_self\">Jednac\u00ed a volebn\u00ed \u0159\u00e1d<\/a><\/span><\/p>\n<p><span style=\"font-size: medium;\"><a href=\"http:\/\/kehila-olomouc.cz\/rs\/?page_id=109\" target=\"_self\">Statut Nadace Otty a Emy Sieglov\u00fdch<\/a><\/span><\/p>\n","protected":false},"excerpt":{"rendered":"<p>Str\u00e1nky pod t\u00edmto n\u00e1zvem skr\u00fdvaj\u00ed z\u00e1kladn\u00ed dokumenty obce. Jsou to\u00a0Stanovy \u017didovsk\u00e9 obce Olomouc p\u0159ijat\u00e9 Shrom\u00e1\u017ed\u011bn\u00edm \u010dlen\u016f \u017didovsk\u00e9 obce Olomouc v roce 2008, \u00a0Volebn\u00ed \u0159\u00e1d, Statut Nadace Otty a Emy Sieglov\u00fdch. Slou\u017e\u00ed k rychl\u00e9 orientaci v pr\u00e1vech a povinnostech \u010dlen\u016f obce.<br \/>\nStanovy \u017didovsk\u00e9 obce Olomouc<br \/>\nJednac\u00ed a volebn\u00ed \u0159\u00e1d<br \/>\nStatut Nadace Otty a Emy Sieglov\u00fdch<\/p>\n","protected":false},"author":3,"featured_media":0,"parent":0,"menu_order":3,"comment_status":"open","ping_status":"open","template":"","meta":{"ngg_post_thumbnail":0,"footnotes":""},"class_list":["post-102","page","type-page","status-publish","hentry"],"_links":{"self":[{"href":"https:\/\/kehila-olomouc.cz\/rs\/wp-json\/wp\/v2\/pages\/102"}],"collection":[{"href":"https:\/\/kehila-olomouc.cz\/rs\/wp-json\/wp\/v2\/pages"}],"about":[{"href":"https:\/\/kehila-olomouc.cz\/rs\/wp-json\/wp\/v2\/types\/page"}],"author":[{"embeddable":true,"href":"https:\/\/kehila-olomouc.cz\/rs\/wp-json\/wp\/v2\/users\/3"}],"replies":[{"embeddable":true,"href":"https:\/\/kehila-olomouc.cz\/rs\/wp-json\/wp\/v2\/comments?post=102"}],"version-history":[{"count":15,"href":"https:\/\/kehila-olomouc.cz\/rs\/wp-json\/wp\/v2\/pages\/102\/revisions"}],"predecessor-version":[{"id":549,"href":"https:\/\/kehila-olomouc.cz\/rs\/wp-json\/wp\/v2\/pages\/102\/revisions\/549"}],"wp:attachment":[{"href":"https:\/\/kehila-olomouc.cz\/rs\/wp-json\/wp\/v2\/media?parent=102"}],"curies":[{"name":"wp","href":"https:\/\/api.w.org\/{rel}","templated":true}]}}